{"id":11112,"date":"2025-05-08T15:52:30","date_gmt":"2025-05-08T13:52:30","guid":{"rendered":"https:\/\/cisterscapes.eu\/?page_id=11112"},"modified":"2025-05-08T15:52:30","modified_gmt":"2025-05-08T13:52:30","slug":"vstupenky-ebrach-2","status":"publish","type":"page","link":"https:\/\/cisterscapes.eu\/cs\/vstupenky-ebrach-2\/","title":{"rendered":"Vstupenky Ebrach"},"content":{"rendered":"<div class=\"fusion-fullwidth fullwidth-box fusion-builder-row-1 fusion-flex-container has-pattern-background has-mask-background hundred-percent-fullwidth non-hundred-percent-height-scrolling\" style=\"--awb-border-radius-top-left:0px;--awb-border-radius-top-right:0px;--awb-border-radius-bottom-right:0px;--awb-border-radius-bottom-left:0px;--awb-padding-top:0px;--awb-padding-right:0px;--awb-padding-bottom:0px;--awb-padding-left:0px;--awb-background-color:var(--awb-color1);--awb-flex-wrap:wrap;\" ><div class=\"fusion-builder-row fusion-row fusion-flex-align-items-stretch fusion-flex-content-wrap\" style=\"width:calc( 100% + 0px ) !important;max-width:calc( 100% + 0px ) !important;margin-left: calc(-0px \/ 2 );margin-right: calc(-0px \/ 2 );\"><div class=\"fusion-layout-column fusion_builder_column fusion-builder-column-0 fusion_builder_column_2_3 2_3 fusion-flex-column\" style=\"--awb-padding-top-medium:20vh;--awb-padding-bottom-medium:20vh;--awb-bg-position:center center;--awb-bg-size:cover;--awb-width-large:66.666666666667%;--awb-margin-top-large:0px;--awb-spacing-right-large:0px;--awb-margin-bottom-large:0px;--awb-spacing-left-large:0px;--awb-width-medium:100%;--awb-order-medium:0;--awb-spacing-right-medium:0px;--awb-spacing-left-medium:0px;--awb-width-small:100%;--awb-order-small:0;--awb-spacing-right-small:0px;--awb-spacing-left-small:0px;\" data-scroll-devices=\"small-visibility,medium-visibility,large-visibility\"><div class=\"fusion-column-wrapper lazyload fusion-column-has-shadow fusion-flex-justify-content-flex-start fusion-content-layout-column fusion-empty-column-bg-image fusion-column-has-bg-image\" data-bg-url=\"https:\/\/cisterscapes.eu\/wp-content\/uploads\/2025\/04\/Ebrach_2009-44_Orangerie_2.jpg\" data-bg=\"https:\/\/cisterscapes.eu\/wp-content\/uploads\/2025\/04\/Ebrach_2009-44_Orangerie_2.jpg\"><img decoding=\"async\" class=\"fusion-empty-dims-img-placeholder fusion-no-large-visibility\" aria-label=\"Ebrach_2009-44_Orangerie\" src=\"data:image\/svg+xml,%3Csvg%20xmlns%3D%27http%3A%2F%2Fwww.w3.org%2F2000%2Fsvg%27%20width%3D%271920%27%20height%3D%271279%27%20viewBox%3D%270%200%201920%201279%27%3E%3Crect%20width%3D%271920%27%20height%3D%271279%27%20fill-opacity%3D%220%22%2F%3E%3C%2Fsvg%3E\"><\/div><\/div><div class=\"fusion-layout-column fusion_builder_column fusion-builder-column-1 fusion_builder_column_1_3 1_3 fusion-flex-column\" style=\"--awb-padding-top:100px;--awb-padding-right:6%;--awb-padding-bottom:100px;--awb-padding-left:6%;--awb-padding-top-medium:60px;--awb-padding-bottom-medium:60px;--awb-bg-blend:overlay;--awb-bg-size:cover;--awb-width-large:33.333333333333%;--awb-margin-top-large:0px;--awb-spacing-right-large:0px;--awb-margin-bottom-large:0px;--awb-spacing-left-large:0px;--awb-width-medium:100%;--awb-order-medium:1;--awb-spacing-right-medium:0px;--awb-spacing-left-medium:0px;--awb-width-small:100%;--awb-spacing-right-small:0px;--awb-spacing-left-small:0px;\"><div class=\"fusion-column-wrapper fusion-flex-justify-content-flex-start fusion-content-layout-column\"><div class=\"fusion-title title fusion-title-1 fusion-sep-none fusion-title-text fusion-title-size-two\"><h2 class=\"fusion-title-heading title-heading-left fusion-responsive-typography-calculated\" style=\"margin:0;--fontSize:40;line-height:1.3;\"><h1 class=\"entry-title\"><span style=\"font-size: 16px;\">Prohl\u00eddka m\u011bsta Ebrach<\/span><\/h1><\/h2><\/div><div class=\"fusion-separator\" style=\"align-self: flex-start;margin-right:auto;margin-bottom:30px;width:100%;max-width:100px;\"><div class=\"fusion-separator-border sep-single sep-solid\" style=\"--awb-height:20px;--awb-amount:20px;--awb-sep-color:var(--awb-color8);border-color:var(--awb-color8);border-top-width:2px;\"><\/div><\/div><div class=\"fusion-text fusion-text-1\"><p><strong>Hled\u00e1n\u00ed stop v srdci kl\u00e1\u0161tern\u00ed krajiny<\/strong><\/p>\n<p class=\"subtitle\"><strong>Vyd\u00e1v\u00e1me se po stop\u00e1ch cisterci\u00e1k\u016f, kte\u0159\u00ed kdysi vlastnili tento kraj a zanechali v n\u011bm trvalou stopu.<\/strong><\/p>\n<\/div><div class=\"fusion-separator fusion-full-width-sep\" style=\"align-self: center;margin-left: auto;margin-right: auto;margin-top:7px;width:100%;\"><\/div><div class=\"fusion-text fusion-text-2\"><p><strong>Term\u00edn<\/strong>: kv\u011bten a\u017e \u0159\u00edjen, ka\u017edou druhou ned\u011bli<br \/>\n<strong>\u010cas<\/strong>: 15:30 a\u017e 17:00<\/p>\n<p>Kdy\u017e p\u0159ijedete do Ebrachu uprost\u0159ed Steigerwaldu s divok\u00fdmi bukov\u00fdmi lesy, najednou si mysl\u00edte, \u017ee jste v barokn\u00edm reziden\u010dn\u00edm m\u011bst\u011b. P\u0159esto\u017ee v b\u00fdval\u00e9m kl\u00e1\u0161te\u0159e u\u017e v\u00edce ne\u017e 150 let s\u00eddl\u00ed v\u011bznice, v\u0161ude se je\u0161t\u011b daj\u00ed naj\u00edt stopy po kdysi mocn\u00fdch sob\u011bsta\u010dn\u00fdch mni\u0161\u00edch. <\/p>\n<p>V roce 2024 z\u00edskala kl\u00e1\u0161tern\u00ed krajina Ebrach a jej\u00ed s\u00ed\u0165 cisterci\u00e1ck\u00fdch skal ozna\u010den\u00ed Evropsk\u00e9 d\u011bdictv\u00ed.<br \/>\nVydejte se s n\u00e1mi po stop\u00e1ch \u0161ed\u00fdch mnich\u016f a zjist\u011bte, k \u010demu slou\u017e\u00ed!<\/p>\n<\/div><div class=\"fusion-separator fusion-full-width-sep\" style=\"align-self: center;margin-left: auto;margin-right: auto;margin-top:7px;width:100%;\"><\/div><script id=\"timm4-widget\"\n                data-eventId=\"86d80c28ebe522d11e2612d3890c6a8c\"\n                data-partnerId=\"bb9e680ccc6ad0ab47a35c016471e571\"\n                data-layout=\"dark\"\n                src=\"https:\/\/www.bamberg.info\/widgets\/ticket\/script.min.js\"><\/script><\/div><\/div><\/div><\/div>\n","protected":false},"excerpt":{"rendered":"","protected":false},"author":1,"featured_media":0,"parent":0,"menu_order":0,"comment_status":"closed","ping_status":"closed","template":"100-width.php","meta":{"footnotes":""},"class_list":["post-11112","page","type-page","status-publish","hentry"],"_links":{"self":[{"href":"https:\/\/cisterscapes.eu\/cs\/wp-json\/wp\/v2\/pages\/11112","targetHints":{"allow":["GET"]}}],"collection":[{"href":"https:\/\/cisterscapes.eu\/cs\/wp-json\/wp\/v2\/pages"}],"about":[{"href":"https:\/\/cisterscapes.eu\/cs\/wp-json\/wp\/v2\/types\/page"}],"author":[{"embeddable":true,"href":"https:\/\/cisterscapes.eu\/cs\/wp-json\/wp\/v2\/users\/1"}],"replies":[{"embeddable":true,"href":"https:\/\/cisterscapes.eu\/cs\/wp-json\/wp\/v2\/comments?post=11112"}],"version-history":[{"count":0,"href":"https:\/\/cisterscapes.eu\/cs\/wp-json\/wp\/v2\/pages\/11112\/revisions"}],"wp:attachment":[{"href":"https:\/\/cisterscapes.eu\/cs\/wp-json\/wp\/v2\/media?parent=11112"}],"curies":[{"name":"wp","href":"https:\/\/api.w.org\/{rel}","templated":true}]}}