{"id":5488,"date":"2023-07-25T12:19:52","date_gmt":"2023-07-25T10:19:52","guid":{"rendered":"https:\/\/cisterscapes.eu\/odmitnuti-odpovednosti\/"},"modified":"2025-03-13T13:03:41","modified_gmt":"2025-03-13T12:03:41","slug":"odmitnuti-odpovednosti","status":"publish","type":"page","link":"https:\/\/cisterscapes.eu\/cs\/odmitnuti-odpovednosti\/","title":{"rendered":"Odm\u00edtnut\u00ed odpov\u011bdnosti"},"content":{"rendered":"<p><div class=\"fusion-fullwidth fullwidth-box fusion-builder-row-1 fusion-flex-container has-pattern-background has-mask-background nonhundred-percent-fullwidth non-hundred-percent-height-scrolling\" style=\"--awb-border-radius-top-left:0px;--awb-border-radius-top-right:0px;--awb-border-radius-bottom-right:0px;--awb-border-radius-bottom-left:0px;--awb-padding-top:120px;--awb-padding-bottom:120px;--awb-background-color:var(--awb-color2);--awb-flex-wrap:wrap;\" ><div class=\"fusion-builder-row fusion-row fusion-flex-align-items-flex-start fusion-flex-content-wrap\" style=\"max-width:1216.8px;margin-left: calc(-4% \/ 2 );margin-right: calc(-4% \/ 2 );\"><div class=\"fusion-layout-column fusion_builder_column fusion-builder-column-0 fusion_builder_column_1_4 1_4 fusion-flex-column fusion-flex-align-self-flex-start fusion-no-small-visibility\" style=\"--awb-padding-left:8%;--awb-bg-blend:overlay;--awb-bg-size:cover;--awb-width-large:25%;--awb-margin-top-large:0px;--awb-spacing-right-large:7.68%;--awb-margin-bottom-large:0px;--awb-spacing-left-large:7.68%;--awb-width-medium:100%;--awb-order-medium:0;--awb-spacing-right-medium:2.88%;--awb-spacing-left-medium:2.88%;--awb-width-small:100%;--awb-order-small:0;--awb-spacing-right-small:1.92%;--awb-spacing-left-small:1.92%;\" data-scroll-devices=\"small-visibility,medium-visibility,large-visibility\"><div class=\"fusion-column-wrapper fusion-column-has-shadow fusion-flex-justify-content-flex-start fusion-content-layout-column\"><div class=\"fusion-image-element \" style=\"text-align:left;--awb-caption-title-font-family:var(--h2_typography-font-family);--awb-caption-title-font-weight:var(--h2_typography-font-weight);--awb-caption-title-font-style:var(--h2_typography-font-style);--awb-caption-title-size:var(--h2_typography-font-size);--awb-caption-title-transform:var(--h2_typography-text-transform);--awb-caption-title-line-height:var(--h2_typography-line-height);--awb-caption-title-letter-spacing:var(--h2_typography-letter-spacing);\"><span class=\" fusion-imageframe imageframe-none imageframe-1 hover-type-none fusion-animated\" data-animationType=\"fadeIn\" data-animationDuration=\"1.4\" data-animationOffset=\"top-into-view\"><img decoding=\"async\" width=\"1200\" height=\"1200\" src=\"https:\/\/cisterscapes.eu\/wp-content\/uploads\/2023\/07\/Cisterscapes_Signet_orange.png\" data-orig-src=\"https:\/\/cisterscapes.eu\/wp-content\/uploads\/2023\/07\/Cisterscapes_Signet_orange.png\" alt class=\"lazyload img-responsive wp-image-5557\" srcset=\"data:image\/svg+xml,%3Csvg%20xmlns%3D%27http%3A%2F%2Fwww.w3.org%2F2000%2Fsvg%27%20width%3D%271200%27%20height%3D%271200%27%20viewBox%3D%270%200%201200%201200%27%3E%3Crect%20width%3D%271200%27%20height%3D%271200%27%20fill-opacity%3D%220%22%2F%3E%3C%2Fsvg%3E\" data-srcset=\"https:\/\/cisterscapes.eu\/wp-content\/uploads\/2023\/07\/Cisterscapes_Signet_orange-200x200.png 200w, https:\/\/cisterscapes.eu\/wp-content\/uploads\/2023\/07\/Cisterscapes_Signet_orange-400x400.png 400w, https:\/\/cisterscapes.eu\/wp-content\/uploads\/2023\/07\/Cisterscapes_Signet_orange-600x600.png 600w, https:\/\/cisterscapes.eu\/wp-content\/uploads\/2023\/07\/Cisterscapes_Signet_orange-800x800.png 800w, https:\/\/cisterscapes.eu\/wp-content\/uploads\/2023\/07\/Cisterscapes_Signet_orange.png 1200w\" data-sizes=\"auto\" data-orig-sizes=\"(max-width: 1024px) 100vw, (max-width: 640px) 100vw, 400px\" \/><\/span><\/div><\/div><\/div><div class=\"fusion-layout-column fusion_builder_column fusion-builder-column-1 fusion_builder_column_3_4 3_4 fusion-flex-column fusion-flex-align-self-flex-start\" style=\"--awb-bg-blend:overlay;--awb-bg-size:cover;--awb-width-large:75%;--awb-margin-top-large:0px;--awb-spacing-right-large:2.56%;--awb-margin-bottom-large:0px;--awb-spacing-left-large:2.56%;--awb-width-medium:100%;--awb-order-medium:1;--awb-spacing-right-medium:2.88%;--awb-spacing-left-medium:2.88%;--awb-width-small:100%;--awb-order-small:0;--awb-spacing-right-small:1.92%;--awb-margin-bottom-small:6%;--awb-spacing-left-small:1.92%;\" data-scroll-devices=\"small-visibility,medium-visibility,large-visibility\"><div class=\"fusion-column-wrapper fusion-column-has-shadow fusion-flex-justify-content-flex-start fusion-content-layout-column\"><div class=\"fusion-title title fusion-title-1 fusion-sep-none fusion-title-text fusion-title-size-two fusion-animated\" data-animationType=\"fadeIn\" data-animationDuration=\"1.0\" data-animationOffset=\"top-into-view\"><h2 class=\"fusion-title-heading title-heading-left fusion-responsive-typography-calculated\" style=\"margin:0;--fontSize:40;line-height:1.3;\">Odm\u00edtnut\u00ed odpov\u011bdnosti<\/h2><\/div><div class=\"fusion-separator\" style=\"align-self: flex-start;margin-right:auto;margin-bottom:30px;width:100%;max-width:100px;\"><div class=\"fusion-separator-border sep-single sep-solid\" style=\"--awb-height:20px;--awb-amount:20px;--awb-sep-color:var(--awb-color8);border-color:var(--awb-color8);border-top-width:2px;\"><\/div><\/div><div class=\"fusion-text fusion-text-1 fusion-animated\" data-animationType=\"fadeIn\" data-animationDuration=\"1.6\" data-animationOffset=\"top-into-view\"><p><strong>1. obsah online nab\u00eddky<\/strong><\/p>\n<p>Okres Bamberg \/ ozna\u010den\u00ed evropsk\u00e9ho d\u011bdictv\u00ed\/Cisterscapes nep\u0159eb\u00edr\u00e1 \u017e\u00e1dnou odpov\u011bdnost za aktu\u00e1lnost, spr\u00e1vnost, \u00faplnost a kvalitu poskytnut\u00fdch informac\u00ed. N\u00e1roky na odpov\u011bdnost v\u016f\u010di autorovi t\u00fdkaj\u00edc\u00ed se hmotn\u00fdch nebo nehmotn\u00fdch \u0161kod zp\u016fsoben\u00fdch pou\u017eit\u00edm nebo nepou\u017eit\u00edm poskytnut\u00fdch informac\u00ed nebo pou\u017eit\u00edm nespr\u00e1vn\u00fdch nebo ne\u00fapln\u00fdch informac\u00ed jsou z\u00e1sadn\u011b vylou\u010deny, pokud nen\u00ed prok\u00e1z\u00e1n \u00famysl nebo hrub\u00e1 nedbalost ze strany okresu Bamberg \/ European Heritage Label\/Cisterscapes. V\u0161echny nab\u00eddky se mohou zm\u011bnit a nejsou z\u00e1vazn\u00e9. Okres Bamberg \/ Europ\u00e4isches Kulturerbe-Siegel\/Cisterscapes si v\u00fdslovn\u011b vyhrazuje pr\u00e1vo m\u011bnit, dopl\u0148ovat nebo mazat \u010d\u00e1sti str\u00e1nek \u010di celou nab\u00eddku bez p\u0159edchoz\u00edho upozorn\u011bn\u00ed nebo do\u010dasn\u011b \u010di trvale ukon\u010dit jej\u00ed zve\u0159ej\u0148ov\u00e1n\u00ed.   <\/p>\n<p><strong>2. odkazy a reference<\/strong><\/p>\n<p>Navzdory pe\u010dliv\u00e9 kontrole obsahu nenese Der Landkreis Bamberg \/ Europ\u00e4isches Kulturerbe-Siegel\/Cisterscapes \u017e\u00e1dnou odpov\u011bdnost za obsah extern\u00edch odkaz\u016f. Za obsah odkazovan\u00fdch str\u00e1nek odpov\u00eddaj\u00ed v\u00fdhradn\u011b jejich provozovatel\u00e9.<br \/>\nV p\u0159\u00edpad\u011b p\u0159\u00edm\u00fdch nebo nep\u0159\u00edm\u00fdch odkaz\u016f na extern\u00ed webov\u00e9 str\u00e1nky (&#8222;odkazy&#8220;), kter\u00e9 le\u017e\u00ed mimo oblast odpov\u011bdnosti okresu Bamberg \/ ozna\u010den\u00ed evropsk\u00e9ho d\u011bdictv\u00ed \/ Cisterscapes, by povinnost ru\u010den\u00ed vznikla pouze v p\u0159\u00edpad\u011b, \u017ee by si okres Bamberg \/ ozna\u010den\u00ed evropsk\u00e9ho d\u011bdictv\u00ed \/ Cisterscapes byl v\u011bdom obsahu a bylo by pro n\u011bj technicky mo\u017en\u00e9 a p\u0159im\u011b\u0159en\u00e9 zabr\u00e1nit pou\u017eit\u00ed v p\u0159\u00edpad\u011b nez\u00e1konn\u00e9ho obsahu. Okres Bamberg \/ Zna\u010dka evropsk\u00e9ho d\u011bdictv\u00ed \/ Cisterscapes proto v\u00fdslovn\u011b prohla\u0161uje, \u017ee odkazovan\u00e9 str\u00e1nky v dob\u011b vytvo\u0159en\u00ed odkaz\u016f neobsahovaly protipr\u00e1vn\u00ed obsah.Okres Bamberg \/ European Heritage Label\/Cisterscapes nem\u00e1 \u017e\u00e1dn\u00fd vliv na sou\u010dasnou a budouc\u00ed podobu a obsah odkazovan\u00fdch str\u00e1nek. Proto se t\u00edmto v\u00fdslovn\u011b distancuje od ve\u0161ker\u00e9ho obsahu v\u0161ech odkazovan\u00fdch str\u00e1nek, kter\u00fd byl zm\u011bn\u011bn po vytvo\u0159en\u00ed odkazu. Toto prohl\u00e1\u0161en\u00ed se vztahuje na v\u0161echny odkazy a reference nastaven\u00e9 v r\u00e1mci vlastn\u00edch webov\u00fdch str\u00e1nek autora i na p\u0159\u00edsp\u011bvky t\u0159et\u00edch stran v knih\u00e1ch host\u016f, diskusn\u00edch f\u00f3rech a po\u0161tovn\u00edch konferenc\u00edch zalo\u017een\u00fdch autorem. Odpov\u011bdnost za nez\u00e1konn\u00fd, nespr\u00e1vn\u00fd nebo ne\u00fapln\u00fd obsah a zejm\u00e9na za \u0161kody vznikl\u00e9 v d\u016fsledku pou\u017eit\u00ed nebo nepou\u017eit\u00ed takov\u00fdch informac\u00ed nese v\u00fdhradn\u011b poskytovatel str\u00e1nky, na kterou je odkazov\u00e1no, nikoli osoba, kter\u00e1 na p\u0159\u00edslu\u0161nou publikaci prost\u0159ednictv\u00edm odkaz\u016f pouze odkazuje.<\/p>\n<p><strong>3. autorsk\u00e9 pr\u00e1vo a pr\u00e1vo na ozna\u010dov\u00e1n\u00ed<\/strong><\/p>\n<p>Okres Bamberg \/ ozna\u010den\u00ed evropsk\u00e9ho d\u011bdictv\u00ed\/Cisterscapes se sna\u017e\u00ed dodr\u017eovat autorsk\u00e1 pr\u00e1va na grafiku, zvukov\u00e9 dokumenty, videosekvence a texty pou\u017eit\u00e9 ve v\u0161ech publikac\u00edch, pou\u017e\u00edvat grafiku, zvukov\u00e9 dokumenty, videosekvence a texty, kter\u00e9 s\u00e1m vytvo\u0159il, nebo pou\u017e\u00edvat grafiku, zvukov\u00e9 dokumenty, videosekvence a texty bez licence. V\u0161echny zna\u010dky a ochrann\u00e9 zn\u00e1mky uveden\u00e9 na webov\u00fdch str\u00e1nk\u00e1ch a p\u0159\u00edpadn\u011b chr\u00e1n\u011bn\u00e9 t\u0159et\u00edmi stranami podl\u00e9haj\u00ed bez omezen\u00ed ustanoven\u00edm platn\u00e9ho z\u00e1kona o ochrann\u00fdch zn\u00e1mk\u00e1ch a vlastnick\u00fdm pr\u00e1v\u016fm p\u0159\u00edslu\u0161n\u00fdch registrovan\u00fdch vlastn\u00edk\u016f. Pouh\u00e1 zm\u00ednka o ochrann\u00e9 zn\u00e1mce neznamen\u00e1, \u017ee nen\u00ed chr\u00e1n\u011bna pr\u00e1vy t\u0159et\u00edch stran! Autorsk\u00e1 pr\u00e1va ke zve\u0159ejn\u011bn\u00fdm objekt\u016fm vytvo\u0159en\u00fdm samotn\u00fdm okresem Bamberg\/zna\u010dkou evropsk\u00e9ho d\u011bdictv\u00ed\/Cisterscapes z\u016fst\u00e1vaj\u00ed v\u00fdhradn\u011b na autorovi str\u00e1nek. Jak\u00e9koli kop\u00edrov\u00e1n\u00ed nebo pou\u017eit\u00ed objekt\u016f, jako jsou sch\u00e9mata, zvuky nebo texty, v jin\u00fdch elektronick\u00fdch nebo ti\u0161t\u011bn\u00fdch publikac\u00edch nen\u00ed bez souhlasu autora dovoleno.    <\/p>\n<p><strong>4. ochrana \u00fadaj\u016f<\/strong><\/p>\n<p>Pokud je d\u00e1na mo\u017enost zadat osobn\u00ed nebo obchodn\u00ed \u00fadaje (e-mailov\u00e9 adresy, jm\u00e9na, adresy), zad\u00e1n\u00ed t\u011bchto \u00fadaj\u016f je dobrovoln\u00e9. Vyu\u017e\u00edv\u00e1n\u00ed a placen\u00ed v\u0161ech nab\u00edzen\u00fdch slu\u017eeb je - pokud je to technicky mo\u017en\u00e9 a p\u0159im\u011b\u0159en\u00e9 - umo\u017en\u011bno i bez zad\u00e1n\u00ed t\u011bchto \u00fadaj\u016f nebo zad\u00e1n\u00edm anonymizovan\u00fdch \u00fadaj\u016f \u010di pseudonymu. <\/p>\n<p><strong>5 Pr\u00e1vn\u00ed platnost tohoto prohl\u00e1\u0161en\u00ed o vylou\u010den\u00ed odpov\u011bdnosti<\/strong><\/p>\n<p>Toto prohl\u00e1\u0161en\u00ed o vylou\u010den\u00ed odpov\u011bdnosti je t\u0159eba pova\u017eovat za sou\u010d\u00e1st internetov\u00e9 publikace Landkreis Bamberg \/ European Heritage Label\/Cisterscapes, z n\u00ed\u017e jste byli odk\u00e1z\u00e1ni na tuto str\u00e1nku. Pokud \u010d\u00e1sti nebo jednotliv\u00e9 pojmy tohoto prohl\u00e1\u0161en\u00ed nejsou v souladu se z\u00e1konem nebo spr\u00e1vn\u00e9, z\u016fst\u00e1v\u00e1 obsah nebo platnost ostatn\u00edch \u010d\u00e1st\u00ed touto skute\u010dnost\u00ed nedot\u010dena. <\/p>\n<p><strong>Titulky obr\u00e1zk\u016f: <\/strong>Pokud nen\u00ed uvedeno jinak, autorsk\u00e1 pr\u00e1va ke v\u0161em obr\u00e1zk\u016fm vlastn\u00ed okres Bamberg \/ European Heritage Label\/Cisterscapes, kter\u00fd obr\u00e1zky poskytl, a mohou b\u00fdt pou\u017eity pouze s jeho souhlasem.<\/p>\n<\/div><\/div><\/div><\/div><\/div><div class=\"fusion-fullwidth fullwidth-box fusion-builder-row-2 fusion-flex-container nonhundred-percent-fullwidth non-hundred-percent-height-scrolling\" style=\"--awb-border-radius-top-left:0px;--awb-border-radius-top-right:0px;--awb-border-radius-bottom-right:0px;--awb-border-radius-bottom-left:0px;--awb-padding-top:0px;--awb-padding-bottom:0px;--awb-flex-wrap:wrap;\" ><div class=\"fusion-builder-row fusion-row fusion-flex-align-items-flex-start fusion-flex-content-wrap\" style=\"max-width:1216.8px;margin-left: calc(-4% \/ 2 );margin-right: calc(-4% \/ 2 );\"><div class=\"fusion-layout-column fusion_builder_column fusion-builder-column-2 fusion_builder_column_1_1 1_1 fusion-flex-column\" style=\"--awb-bg-blend:overlay;--awb-bg-size:cover;--awb-width-large:100%;--awb-margin-top-large:0px;--awb-spacing-right-large:1.92%;--awb-margin-bottom-large:0px;--awb-spacing-left-large:1.92%;--awb-width-medium:100%;--awb-spacing-right-medium:1.92%;--awb-spacing-left-medium:1.92%;--awb-width-small:100%;--awb-spacing-right-small:1.92%;--awb-spacing-left-small:1.92%;\"><div class=\"fusion-column-wrapper fusion-flex-justify-content-flex-start fusion-content-layout-column\"><div class=\"fusion-section-separator section-separator triangle fusion-section-separator-1\" style=\"--awb-border-bottom:1px solid var(--awb-color2);--awb-spacer-height:1px;--awb-svg-margin-left:1.92%;--awb-svg-margin-right:1.92%;--awb-svg-margin-left-medium:1.92%;--awb-svg-margin-right-medium:1.92%;--awb-svg-margin-left-small:1.92%;--awb-svg-margin-right-small:1.92%;--awb-icon-color:var(--awb-color1);\"><div class=\"fusion-section-separator-svg\"><div class=\"divider-candy-arrow bottom\" style=\"top:0px;border-top-color: var(--awb-color2);\"><\/div><div class=\"divider-candy bottom\" style=\"bottom:-21px;border-bottom:1px solid var(--awb-color2);border-left:1px solid var(--awb-color2);\"><\/div><\/div><div class=\"fusion-section-separator-spacer\"><div class=\"fusion-section-separator-spacer-height\"><\/div><\/div><\/div><\/div><\/div><\/div><\/div><div class=\"fusion-fullwidth fullwidth-box fusion-builder-row-3 fusion-flex-container has-pattern-background has-mask-background nonhundred-percent-fullwidth non-hundred-percent-height-scrolling\" style=\"--awb-border-radius-top-left:0px;--awb-border-radius-top-right:0px;--awb-border-radius-bottom-right:0px;--awb-border-radius-bottom-left:0px;--awb-padding-top:100px;--awb-padding-bottom:0px;--awb-background-color:var(--awb-color1);--awb-flex-wrap:wrap;\" ><div class=\"fusion-builder-row fusion-row fusion-flex-align-items-flex-start fusion-flex-justify-content-center fusion-flex-content-wrap\" style=\"max-width:1216.8px;margin-left: calc(-4% \/ 2 );margin-right: calc(-4% \/ 2 );\"><div class=\"fusion-layout-column fusion_builder_column fusion-builder-column-3 fusion_builder_column_2_3 2_3 fusion-flex-column\" style=\"--awb-bg-blend:overlay;--awb-bg-size:cover;--awb-width-large:66.666666666667%;--awb-margin-top-large:0px;--awb-spacing-right-large:2.88%;--awb-margin-bottom-large:0px;--awb-spacing-left-large:2.88%;--awb-width-medium:100%;--awb-spacing-right-medium:1.92%;--awb-spacing-left-medium:1.92%;--awb-width-small:100%;--awb-spacing-right-small:1.92%;--awb-spacing-left-small:1.92%;\"><div class=\"fusion-column-wrapper fusion-flex-justify-content-flex-start fusion-content-layout-column\"><div class=\"fusion-title title fusion-title-2 fusion-sep-none fusion-title-center fusion-title-text fusion-title-size-two\"><h2 class=\"fusion-title-heading title-heading-center fusion-responsive-typography-calculated\" style=\"margin:0;--fontSize:40;line-height:1.3;\">Nejnov\u011bj\u0161\u00ed p\u0159\u00edsp\u011bvky<\/h2><\/div><div class=\"fusion-separator\" style=\"align-self: center;margin-left: auto;margin-right: auto;margin-bottom:30px;width:100%;max-width:100px;\"><div class=\"fusion-separator-border sep-single sep-solid\" style=\"--awb-height:20px;--awb-amount:20px;--awb-sep-color:var(--awb-color8);border-color:var(--awb-color8);border-top-width:2px;\"><\/div><\/div><div class=\"fusion-separator fusion-full-width-sep\" style=\"align-self: center;margin-left: auto;margin-right: auto;margin-top:60px;width:100%;\"><\/div><\/div><\/div><\/div><\/div><div class=\"fusion-fullwidth fullwidth-box fusion-builder-row-4 fusion-flex-container has-pattern-background has-mask-background hundred-percent-fullwidth non-hundred-percent-height-scrolling\" style=\"--awb-border-radius-top-left:0px;--awb-border-radius-top-right:0px;--awb-border-radius-bottom-right:0px;--awb-border-radius-bottom-left:0px;--awb-padding-right:0px;--awb-padding-left:0px;--awb-background-color:var(--awb-color7);--awb-flex-wrap:wrap;\" ><div class=\"fusion-builder-row fusion-row fusion-flex-align-items-flex-start fusion-flex-content-wrap\" style=\"width:calc( 100% + 0px ) !important;max-width:calc( 100% + 0px ) !important;margin-left: calc(-0px \/ 2 );margin-right: calc(-0px \/ 2 );\"><div class=\"fusion-layout-column fusion_builder_column fusion-builder-column-4 fusion_builder_column_1_1 1_1 fusion-flex-column\" style=\"--awb-bg-blend:overlay;--awb-bg-size:cover;--awb-width-large:100%;--awb-margin-top-large:0px;--awb-spacing-right-large:0px;--awb-margin-bottom-large:0px;--awb-spacing-left-large:0px;--awb-width-medium:100%;--awb-spacing-right-medium:0px;--awb-spacing-left-medium:0px;--awb-width-small:100%;--awb-spacing-right-small:0px;--awb-spacing-left-small:0px;\"><div class=\"fusion-column-wrapper fusion-flex-justify-content-flex-start fusion-content-layout-column\"><div class=\"fusion-blog-shortcode fusion-blog-shortcode-1 fusion-blog-archive fusion-blog-layout-grid-wrapper fusion-blog-no\"><style type=\"text\/css\">.fusion-blog-shortcode-1 .fusion-blog-layout-grid .fusion-post-grid{padding:0px;}.fusion-blog-shortcode-1 .fusion-posts-container{margin-left: -0px !important; margin-right:-0px !important;}<\/style><div class=\"fusion-posts-container fusion-posts-container-no fusion-no-meta-info fusion-blog-rollover fusion-blog-layout-grid fusion-blog-layout-grid-3 isotope fusion-blog-equal-heights\" data-pages=\"29\" data-grid-col-space=\"0.0\" style=\"margin: -0px -0px 0;min-height:500px;\"><article id=\"blog-1-post-19811\" class=\"fusion-post-grid post-19811 post type-post status-publish format-standard hentry category-wagrowiec-lekno-cs tag-lekno-wagrowiec tag-polsko\">\n<div class=\"fusion-post-wrapper\" style=\"background-color:var(--awb-color7);border:none;\">\n\n<div class=\"fusion-post-content-wrapper\" style=\"padding:30px 25px 20px 25px;\"><div class=\"fusion-post-content post-content\"><h2 class=\"blog-shortcode-post-title entry-title\">Archeologick\u00fd n\u00e1lez p\u0159i roz\u0161i\u0159ov\u00e1n\u00ed muzea<\/h2><\/div><\/div><div class=\"fusion-clearfix\"><\/div><\/div>\n<\/article>\n<article id=\"blog-1-post-17482\" class=\"fusion-post-grid post-17482 post type-post status-publish format-standard hentry category-body-zajmu-zwettl\">\n<div class=\"fusion-post-wrapper\" style=\"background-color:var(--awb-color7);border:none;\">\n\n<div class=\"fusion-post-content-wrapper\" style=\"padding:30px 25px 20px 25px;\"><div class=\"fusion-post-content post-content\"><h2 class=\"blog-shortcode-post-title entry-title\">POI Z\u00e1meck\u00e9 vina\u0159stv\u00ed Gobelsburg<\/h2><\/div><\/div><div class=\"fusion-clearfix\"><\/div><\/div>\n<\/article>\n<article id=\"blog-1-post-17477\" class=\"fusion-post-grid post-17477 post type-post status-publish format-standard hentry category-body-zajmu-zwettl\">\n<div class=\"fusion-post-wrapper\" style=\"background-color:var(--awb-color7);border:none;\">\n\n<div class=\"fusion-post-content-wrapper\" style=\"padding:30px 25px 20px 25px;\"><div class=\"fusion-post-content post-content\"><h2 class=\"blog-shortcode-post-title entry-title\">POI Mill Chambers<\/h2><\/div><\/div><div class=\"fusion-clearfix\"><\/div><\/div>\n<\/article>\n<div class=\"fusion-clearfix\"><\/div><\/div><\/div><div class=\"fusion-separator fusion-full-width-sep\" style=\"align-self: center;margin-left: auto;margin-right: auto;margin-top:30px;margin-bottom:30px;width:100%;\"><\/div><div style=\"text-align:center;\"><a class=\"fusion-button button-flat button-xlarge button-custom fusion-button-default button-1 fusion-button-default-span fusion-button-default-type\" style=\"--button_accent_color:var(--awb-color8);--button_accent_hover_color:var(--awb-color1);--button_border_hover_color:var(--awb-color1);--button_gradient_top_color:var(--awb-color1);--button_gradient_bottom_color:var(--awb-color1);--button_gradient_top_color_hover:var(--awb-color4);--button_gradient_bottom_color_hover:var(--awb-color4);--button_margin-right:10px;\" target=\"_self\" href=\"https:\/\/cisterscapes.eu\/neuigkeiten\/\"><span class=\"fusion-button-text awb-button__text awb-button__text--default\">DAL\u0160\u00cd P\u0158\u00cdSP\u011aVKY&#8230;<\/span><\/a><\/div><div class=\"fusion-separator fusion-full-width-sep\" style=\"align-self: center;margin-left: auto;margin-right: auto;margin-top:30px;margin-bottom:30px;width:100%;\"><\/div><\/div><\/div><\/div><\/div><div class=\"fusion-fullwidth fullwidth-box fusion-builder-row-5 fusion-flex-container has-pattern-background has-mask-background nonhundred-percent-fullwidth non-hundred-percent-height-scrolling\" style=\"--awb-border-radius-top-left:0px;--awb-border-radius-top-right:0px;--awb-border-radius-bottom-right:0px;--awb-border-radius-bottom-left:0px;--awb-margin-top:50px;--awb-flex-wrap:wrap;\" ><div class=\"fusion-builder-row fusion-row fusion-flex-align-items-flex-start fusion-flex-content-wrap\" style=\"max-width:1216.8px;margin-left: calc(-4% \/ 2 );margin-right: calc(-4% \/ 2 );\"><div class=\"fusion-layout-column fusion_builder_column fusion-builder-column-5 fusion_builder_column_1_1 1_1 fusion-flex-column\" style=\"--awb-bg-size:cover;--awb-width-large:100%;--awb-margin-top-large:0px;--awb-spacing-right-large:1.92%;--awb-margin-bottom-large:0px;--awb-spacing-left-large:1.92%;--awb-width-medium:100%;--awb-order-medium:0;--awb-spacing-right-medium:1.92%;--awb-spacing-left-medium:1.92%;--awb-width-small:100%;--awb-order-small:0;--awb-spacing-right-small:1.92%;--awb-spacing-left-small:1.92%;\"><div class=\"fusion-column-wrapper fusion-column-has-shadow fusion-flex-justify-content-flex-start fusion-content-layout-column\"><\/div><\/div><\/div><\/div><\/p>\n","protected":false},"excerpt":{"rendered":"","protected":false},"author":1,"featured_media":0,"parent":0,"menu_order":0,"comment_status":"closed","ping_status":"closed","template":"100-width.php","meta":{"footnotes":""},"class_list":["post-5488","page","type-page","status-publish","hentry"],"_links":{"self":[{"href":"https:\/\/cisterscapes.eu\/cs\/wp-json\/wp\/v2\/pages\/5488","targetHints":{"allow":["GET"]}}],"collection":[{"href":"https:\/\/cisterscapes.eu\/cs\/wp-json\/wp\/v2\/pages"}],"about":[{"href":"https:\/\/cisterscapes.eu\/cs\/wp-json\/wp\/v2\/types\/page"}],"author":[{"embeddable":true,"href":"https:\/\/cisterscapes.eu\/cs\/wp-json\/wp\/v2\/users\/1"}],"replies":[{"embeddable":true,"href":"https:\/\/cisterscapes.eu\/cs\/wp-json\/wp\/v2\/comments?post=5488"}],"version-history":[{"count":0,"href":"https:\/\/cisterscapes.eu\/cs\/wp-json\/wp\/v2\/pages\/5488\/revisions"}],"wp:attachment":[{"href":"https:\/\/cisterscapes.eu\/cs\/wp-json\/wp\/v2\/media?parent=5488"}],"curies":[{"name":"wp","href":"https:\/\/api.w.org\/{rel}","templated":true}]}}