{"id":6954,"date":"2023-07-25T12:19:52","date_gmt":"2023-07-25T10:19:52","guid":{"rendered":"https:\/\/cisterscapes.eu\/zastrzezenie\/"},"modified":"2025-03-23T10:39:55","modified_gmt":"2025-03-23T09:39:55","slug":"zastrzezenie","status":"publish","type":"page","link":"https:\/\/cisterscapes.eu\/pl\/zastrzezenie\/","title":{"rendered":"Zastrze\u017cenie"},"content":{"rendered":"<p><div class=\"fusion-fullwidth fullwidth-box fusion-builder-row-1 fusion-flex-container has-pattern-background has-mask-background nonhundred-percent-fullwidth non-hundred-percent-height-scrolling\" style=\"--awb-border-radius-top-left:0px;--awb-border-radius-top-right:0px;--awb-border-radius-bottom-right:0px;--awb-border-radius-bottom-left:0px;--awb-padding-top:120px;--awb-padding-bottom:120px;--awb-background-color:var(--awb-color2);--awb-flex-wrap:wrap;\" ><div class=\"fusion-builder-row fusion-row fusion-flex-align-items-flex-start fusion-flex-content-wrap\" style=\"max-width:1216.8px;margin-left: calc(-4% \/ 2 );margin-right: calc(-4% \/ 2 );\"><div class=\"fusion-layout-column fusion_builder_column fusion-builder-column-0 fusion_builder_column_1_4 1_4 fusion-flex-column fusion-flex-align-self-flex-start fusion-no-small-visibility\" style=\"--awb-padding-left:8%;--awb-bg-blend:overlay;--awb-bg-size:cover;--awb-width-large:25%;--awb-margin-top-large:0px;--awb-spacing-right-large:7.68%;--awb-margin-bottom-large:0px;--awb-spacing-left-large:7.68%;--awb-width-medium:100%;--awb-order-medium:0;--awb-spacing-right-medium:2.88%;--awb-spacing-left-medium:2.88%;--awb-width-small:100%;--awb-order-small:0;--awb-spacing-right-small:1.92%;--awb-spacing-left-small:1.92%;\" data-scroll-devices=\"small-visibility,medium-visibility,large-visibility\"><div class=\"fusion-column-wrapper fusion-column-has-shadow fusion-flex-justify-content-flex-start fusion-content-layout-column\"><div class=\"fusion-image-element \" style=\"text-align:left;--awb-caption-title-font-family:var(--h2_typography-font-family);--awb-caption-title-font-weight:var(--h2_typography-font-weight);--awb-caption-title-font-style:var(--h2_typography-font-style);--awb-caption-title-size:var(--h2_typography-font-size);--awb-caption-title-transform:var(--h2_typography-text-transform);--awb-caption-title-line-height:var(--h2_typography-line-height);--awb-caption-title-letter-spacing:var(--h2_typography-letter-spacing);\"><span class=\" fusion-imageframe imageframe-none imageframe-1 hover-type-none fusion-animated\" data-animationType=\"fadeIn\" data-animationDuration=\"1.4\" data-animationOffset=\"top-into-view\"><img decoding=\"async\" width=\"1200\" height=\"1200\" src=\"https:\/\/cisterscapes.eu\/wp-content\/uploads\/2023\/07\/Cisterscapes_Signet_orange.png\" data-orig-src=\"https:\/\/cisterscapes.eu\/wp-content\/uploads\/2023\/07\/Cisterscapes_Signet_orange.png\" alt class=\"lazyload img-responsive wp-image-7023\" srcset=\"data:image\/svg+xml,%3Csvg%20xmlns%3D%27http%3A%2F%2Fwww.w3.org%2F2000%2Fsvg%27%20width%3D%271200%27%20height%3D%271200%27%20viewBox%3D%270%200%201200%201200%27%3E%3Crect%20width%3D%271200%27%20height%3D%271200%27%20fill-opacity%3D%220%22%2F%3E%3C%2Fsvg%3E\" data-srcset=\"https:\/\/cisterscapes.eu\/wp-content\/uploads\/2023\/07\/Cisterscapes_Signet_orange-200x200.png 200w, https:\/\/cisterscapes.eu\/wp-content\/uploads\/2023\/07\/Cisterscapes_Signet_orange-400x400.png 400w, https:\/\/cisterscapes.eu\/wp-content\/uploads\/2023\/07\/Cisterscapes_Signet_orange-600x600.png 600w, https:\/\/cisterscapes.eu\/wp-content\/uploads\/2023\/07\/Cisterscapes_Signet_orange-800x800.png 800w, https:\/\/cisterscapes.eu\/wp-content\/uploads\/2023\/07\/Cisterscapes_Signet_orange.png 1200w\" data-sizes=\"auto\" data-orig-sizes=\"(max-width: 1024px) 100vw, (max-width: 640px) 100vw, 400px\" \/><\/span><\/div><\/div><\/div><div class=\"fusion-layout-column fusion_builder_column fusion-builder-column-1 fusion_builder_column_3_4 3_4 fusion-flex-column fusion-flex-align-self-flex-start\" style=\"--awb-bg-blend:overlay;--awb-bg-size:cover;--awb-width-large:75%;--awb-margin-top-large:0px;--awb-spacing-right-large:2.56%;--awb-margin-bottom-large:0px;--awb-spacing-left-large:2.56%;--awb-width-medium:100%;--awb-order-medium:1;--awb-spacing-right-medium:2.88%;--awb-spacing-left-medium:2.88%;--awb-width-small:100%;--awb-order-small:0;--awb-spacing-right-small:1.92%;--awb-margin-bottom-small:6%;--awb-spacing-left-small:1.92%;\" data-scroll-devices=\"small-visibility,medium-visibility,large-visibility\"><div class=\"fusion-column-wrapper fusion-column-has-shadow fusion-flex-justify-content-flex-start fusion-content-layout-column\"><div class=\"fusion-title title fusion-title-1 fusion-sep-none fusion-title-text fusion-title-size-two fusion-animated\" data-animationType=\"fadeIn\" data-animationDuration=\"1.0\" data-animationOffset=\"top-into-view\"><h2 class=\"fusion-title-heading title-heading-left fusion-responsive-typography-calculated\" style=\"margin:0;--fontSize:40;line-height:1.3;\">Zastrze\u017cenie<\/h2><\/div><div class=\"fusion-separator\" style=\"align-self: flex-start;margin-right:auto;margin-bottom:30px;width:100%;max-width:100px;\"><div class=\"fusion-separator-border sep-single sep-solid\" style=\"--awb-height:20px;--awb-amount:20px;--awb-sep-color:var(--awb-color8);border-color:var(--awb-color8);border-top-width:2px;\"><\/div><\/div><div class=\"fusion-text fusion-text-1 fusion-animated\" data-animationType=\"fadeIn\" data-animationDuration=\"1.6\" data-animationOffset=\"top-into-view\"><p><strong>1. tre\u015b\u0107 oferty online<\/strong><\/p>\n<p>Powiat Bamberg \/ European Heritage Label \/ Cisterscapes nie ponosi odpowiedzialno\u015bci za aktualno\u015b\u0107, poprawno\u015b\u0107, kompletno\u015b\u0107 lub jako\u015b\u0107 udost\u0119pnionych informacji. Roszczenia z tytu\u0142u odpowiedzialno\u015bci wobec autora dotycz\u0105ce szk\u00f3d materialnych lub niematerialnych spowodowanych wykorzystaniem lub niewykorzystaniem dostarczonych informacji lub wykorzystaniem nieprawid\u0142owych lub niekompletnych informacji s\u0105 zasadniczo wykluczone, chyba \u017ce istniej\u0105 dowody umy\u015blnego dzia\u0142ania lub ra\u017c\u0105cego zaniedbania ze strony powiatu Bamberg \/ European Heritage Label \/ Cisterscapes. Wszystkie oferty mog\u0105 ulec zmianie i nie s\u0105 wi\u0105\u017c\u0105ce. Landkreis Bamberg \/ Europ\u00e4isches Kulturerbe-Siegel \/ Cisterscapes wyra\u017anie zastrzega sobie prawo do zmiany, uzupe\u0142nienia lub usuni\u0119cia cz\u0119\u015bci stron lub ca\u0142ej oferty bez uprzedniego powiadomienia lub do zaprzestania publikacji tymczasowo lub na sta\u0142e.   <\/p>\n<p><strong>2. odniesienia i linki<\/strong><\/p>\n<p>Pomimo starannej kontroli tre\u015bci, Der Landkreis Bamberg \/ Europ\u00e4isches Kulturerbe-Siegel\/Cisterscapes nie ponosi odpowiedzialno\u015bci za tre\u015b\u0107 link\u00f3w zewn\u0119trznych. Operatorzy stron, do kt\u00f3rych prowadz\u0105 linki, ponosz\u0105 wy\u0142\u0105czn\u0105 odpowiedzialno\u015b\u0107 za ich tre\u015b\u0107.<br \/>\nW przypadku bezpo\u015brednich lub po\u015brednich odniesie\u0144 do zewn\u0119trznych stron internetowych (&#8222;linki&#8221;), kt\u00f3re znajduj\u0105 si\u0119 poza obszarem odpowiedzialno\u015bci Powiatu Bamberg \/ European Heritage Label \/ Cisterscapes, obowi\u0105zek odpowiedzialno\u015bci wchodzi w \u017cycie tylko w przypadku, gdy Powiat Bamberg \/ European Heritage Label \/ Cisterscapes jest \u015bwiadomy tre\u015bci i by\u0142oby technicznie mo\u017cliwe i uzasadnione, aby zapobiec korzystaniu z nich w przypadku nielegalnych tre\u015bci. Powiat Bamberg \/ European Heritage Label \/ Cisterscapes wyra\u017anie o\u015bwiadcza zatem, \u017ce strony, do kt\u00f3rych prowadz\u0105 linki, by\u0142y wolne od nielegalnych tre\u015bci w momencie tworzenia link\u00f3w.Powiat Bamberg \/ European Heritage Label \/ Cisterscapes nie ma \u017cadnego wp\u0142ywu na obecny i przysz\u0142y wygl\u0105d i zawarto\u015b\u0107 stron, do kt\u00f3rych prowadz\u0105 linki. W zwi\u0105zku z tym wyra\u017anie dystansuje si\u0119 od wszelkich tre\u015bci wszystkich powi\u0105zanych stron, kt\u00f3re zosta\u0142y zmienione po utworzeniu linku. O\u015bwiadczenie to dotyczy wszystkich link\u00f3w i odno\u015bnik\u00f3w umieszczonych na w\u0142asnej stronie internetowej autora, a tak\u017ce wpis\u00f3w os\u00f3b trzecich w ksi\u0119gach go\u015bci, forach dyskusyjnych i listach mailingowych utworzonych przez autora. Odpowiedzialno\u015b\u0107 za nielegalne, b\u0142\u0119dne lub niekompletne tre\u015bci, a w szczeg\u00f3lno\u015bci za szkody wynikaj\u0105ce z wykorzystania lub niewykorzystania takich informacji, spoczywa wy\u0142\u0105cznie na dostawcy strony, do kt\u00f3rej nast\u0119puje odniesienie, a nie na osobie, kt\u00f3ra jedynie odsy\u0142a do danej publikacji za po\u015brednictwem link\u00f3w.<\/p>\n<p><strong>3. prawo autorskie i prawo dotycz\u0105ce etykietowania<\/strong><\/p>\n<p>Powiat Bamberg \/ European Heritage Label \/ Cisterscapes dok\u0142ada wszelkich stara\u0144, aby przestrzega\u0107 praw autorskich do grafik, dokument\u00f3w d\u017awi\u0119kowych, sekwencji wideo i tekst\u00f3w wykorzystywanych we wszystkich publikacjach, wykorzystywa\u0107 grafiki, dokumenty d\u017awi\u0119kowe, sekwencje wideo i teksty stworzone przez siebie lub wykorzystywa\u0107 grafiki, dokumenty d\u017awi\u0119kowe, sekwencje wideo i teksty bez licencji. Wszystkie marki i znaki towarowe wymienione na stronie internetowej i ewentualnie chronione przez osoby trzecie podlegaj\u0105 bez ogranicze\u0144 przepisom obowi\u0105zuj\u0105cego prawa o znakach towarowych i prawom w\u0142asno\u015bci odpowiednich zarejestrowanych w\u0142a\u015bcicieli. Samo wymienienie znaku towarowego nie oznacza, \u017ce nie jest on chroniony prawami os\u00f3b trzecich! Prawa autorskie do opublikowanych obiekt\u00f3w stworzonych przez Powiat Bamberg \/ European Heritage Label \/ Cisterscapes pozostaj\u0105 wy\u0142\u0105cznie w gestii autora stron. Powielanie lub wykorzystywanie obiekt\u00f3w takich jak diagramy, d\u017awi\u0119ki lub teksty w innych publikacjach elektronicznych lub drukowanych bez zgody autora jest zabronione.    <\/p>\n<p><strong>4. ochrona danych<\/strong><\/p>\n<p>Je\u015bli istnieje mo\u017cliwo\u015b\u0107 wprowadzenia danych osobowych lub biznesowych (adresy e-mail, imi\u0119 i nazwisko, adresy), wprowadzenie tych danych odbywa si\u0119 dobrowolnie. Korzystanie i dokonywanie p\u0142atno\u015bci za wszystkie oferowane us\u0142ugi jest - o ile jest to technicznie mo\u017cliwe i uzasadnione - dozwolone r\u00f3wnie\u017c bez wprowadzania takich danych lub poprzez wprowadzenie danych zanonimizowanych lub pseudonimu. <\/p>\n<p><strong>5 Wa\u017cno\u015b\u0107 prawna niniejszego wy\u0142\u0105czenia odpowiedzialno\u015bci<\/strong><\/p>\n<p>Niniejsze wy\u0142\u0105czenie odpowiedzialno\u015bci nale\u017cy traktowa\u0107 jako cz\u0119\u015b\u0107 publikacji internetowej Landkreis Bamberg \/ European Heritage Label\/Cisterscapes, z kt\u00f3rej u\u017cytkownik zosta\u0142 przekierowany na t\u0119 stron\u0119. Je\u015bli cz\u0119\u015bci lub poszczeg\u00f3lne warunki niniejszego o\u015bwiadczenia nie s\u0105 zgodne z prawem lub prawid\u0142owe, fakt ten nie ma wp\u0142ywu na tre\u015b\u0107 lub wa\u017cno\u015b\u0107 pozosta\u0142ych cz\u0119\u015bci. <\/p>\n<p><strong>O <\/strong>ile nie zaznaczono inaczej, prawa autorskie do wszystkich zdj\u0119\u0107 nale\u017c\u0105 do dzielnicy Bamberg \/ European Heritage Label \/ Cisterscapes, kt\u00f3re dostarczy\u0142y zdj\u0119cia i mog\u0105 by\u0107 wykorzystywane wy\u0142\u0105cznie za ich zgod\u0105.<\/p>\n<\/div><\/div><\/div><\/div><\/div><div class=\"fusion-fullwidth fullwidth-box fusion-builder-row-2 fusion-flex-container nonhundred-percent-fullwidth non-hundred-percent-height-scrolling\" style=\"--awb-border-radius-top-left:0px;--awb-border-radius-top-right:0px;--awb-border-radius-bottom-right:0px;--awb-border-radius-bottom-left:0px;--awb-padding-top:0px;--awb-padding-bottom:0px;--awb-flex-wrap:wrap;\" ><div class=\"fusion-builder-row fusion-row fusion-flex-align-items-flex-start fusion-flex-content-wrap\" style=\"max-width:1216.8px;margin-left: calc(-4% \/ 2 );margin-right: calc(-4% \/ 2 );\"><div class=\"fusion-layout-column fusion_builder_column fusion-builder-column-2 fusion_builder_column_1_1 1_1 fusion-flex-column\" style=\"--awb-bg-blend:overlay;--awb-bg-size:cover;--awb-width-large:100%;--awb-margin-top-large:0px;--awb-spacing-right-large:1.92%;--awb-margin-bottom-large:0px;--awb-spacing-left-large:1.92%;--awb-width-medium:100%;--awb-spacing-right-medium:1.92%;--awb-spacing-left-medium:1.92%;--awb-width-small:100%;--awb-spacing-right-small:1.92%;--awb-spacing-left-small:1.92%;\"><div class=\"fusion-column-wrapper fusion-flex-justify-content-flex-start fusion-content-layout-column\"><div class=\"fusion-section-separator section-separator triangle fusion-section-separator-1\" style=\"--awb-border-bottom:1px solid var(--awb-color2);--awb-spacer-height:1px;--awb-svg-margin-left:1.92%;--awb-svg-margin-right:1.92%;--awb-svg-margin-left-medium:1.92%;--awb-svg-margin-right-medium:1.92%;--awb-svg-margin-left-small:1.92%;--awb-svg-margin-right-small:1.92%;--awb-icon-color:var(--awb-color1);\"><div class=\"fusion-section-separator-svg\"><div class=\"divider-candy-arrow bottom\" style=\"top:0px;border-top-color: var(--awb-color2);\"><\/div><div class=\"divider-candy bottom\" style=\"bottom:-21px;border-bottom:1px solid var(--awb-color2);border-left:1px solid var(--awb-color2);\"><\/div><\/div><div class=\"fusion-section-separator-spacer\"><div class=\"fusion-section-separator-spacer-height\"><\/div><\/div><\/div><\/div><\/div><\/div><\/div><div class=\"fusion-fullwidth fullwidth-box fusion-builder-row-3 fusion-flex-container has-pattern-background has-mask-background nonhundred-percent-fullwidth non-hundred-percent-height-scrolling\" style=\"--awb-border-radius-top-left:0px;--awb-border-radius-top-right:0px;--awb-border-radius-bottom-right:0px;--awb-border-radius-bottom-left:0px;--awb-padding-top:100px;--awb-padding-bottom:0px;--awb-background-color:var(--awb-color1);--awb-flex-wrap:wrap;\" ><div class=\"fusion-builder-row fusion-row fusion-flex-align-items-flex-start fusion-flex-justify-content-center fusion-flex-content-wrap\" style=\"max-width:1216.8px;margin-left: calc(-4% \/ 2 );margin-right: calc(-4% \/ 2 );\"><div class=\"fusion-layout-column fusion_builder_column fusion-builder-column-3 fusion_builder_column_2_3 2_3 fusion-flex-column\" style=\"--awb-bg-blend:overlay;--awb-bg-size:cover;--awb-width-large:66.666666666667%;--awb-margin-top-large:0px;--awb-spacing-right-large:2.88%;--awb-margin-bottom-large:0px;--awb-spacing-left-large:2.88%;--awb-width-medium:100%;--awb-spacing-right-medium:1.92%;--awb-spacing-left-medium:1.92%;--awb-width-small:100%;--awb-spacing-right-small:1.92%;--awb-spacing-left-small:1.92%;\"><div class=\"fusion-column-wrapper fusion-flex-justify-content-flex-start fusion-content-layout-column\"><div class=\"fusion-title title fusion-title-2 fusion-sep-none fusion-title-center fusion-title-text fusion-title-size-two\"><h2 class=\"fusion-title-heading title-heading-center fusion-responsive-typography-calculated\" style=\"margin:0;--fontSize:40;line-height:1.3;\">Najnowsze posty<\/h2><\/div><div class=\"fusion-separator\" style=\"align-self: center;margin-left: auto;margin-right: auto;margin-bottom:30px;width:100%;max-width:100px;\"><div class=\"fusion-separator-border sep-single sep-solid\" style=\"--awb-height:20px;--awb-amount:20px;--awb-sep-color:var(--awb-color8);border-color:var(--awb-color8);border-top-width:2px;\"><\/div><\/div><div class=\"fusion-separator fusion-full-width-sep\" style=\"align-self: center;margin-left: auto;margin-right: auto;margin-top:60px;width:100%;\"><\/div><\/div><\/div><\/div><\/div><div class=\"fusion-fullwidth fullwidth-box fusion-builder-row-4 fusion-flex-container has-pattern-background has-mask-background hundred-percent-fullwidth non-hundred-percent-height-scrolling\" style=\"--awb-border-radius-top-left:0px;--awb-border-radius-top-right:0px;--awb-border-radius-bottom-right:0px;--awb-border-radius-bottom-left:0px;--awb-padding-right:0px;--awb-padding-left:0px;--awb-background-color:var(--awb-color7);--awb-flex-wrap:wrap;\" ><div class=\"fusion-builder-row fusion-row fusion-flex-align-items-flex-start fusion-flex-content-wrap\" style=\"width:calc( 100% + 0px ) !important;max-width:calc( 100% + 0px ) !important;margin-left: calc(-0px \/ 2 );margin-right: calc(-0px \/ 2 );\"><div class=\"fusion-layout-column fusion_builder_column fusion-builder-column-4 fusion_builder_column_1_1 1_1 fusion-flex-column\" style=\"--awb-bg-blend:overlay;--awb-bg-size:cover;--awb-width-large:100%;--awb-margin-top-large:0px;--awb-spacing-right-large:0px;--awb-margin-bottom-large:0px;--awb-spacing-left-large:0px;--awb-width-medium:100%;--awb-spacing-right-medium:0px;--awb-spacing-left-medium:0px;--awb-width-small:100%;--awb-spacing-right-small:0px;--awb-spacing-left-small:0px;\"><div class=\"fusion-column-wrapper fusion-flex-justify-content-flex-start fusion-content-layout-column\"><div class=\"fusion-blog-shortcode fusion-blog-shortcode-1 fusion-blog-archive fusion-blog-layout-grid-wrapper fusion-blog-no\"><style type=\"text\/css\">.fusion-blog-shortcode-1 .fusion-blog-layout-grid .fusion-post-grid{padding:0px;}.fusion-blog-shortcode-1 .fusion-posts-container{margin-left: -0px !important; margin-right:-0px !important;}<\/style><div class=\"fusion-posts-container fusion-posts-container-no fusion-no-meta-info fusion-blog-rollover fusion-blog-layout-grid fusion-blog-layout-grid-3 isotope fusion-blog-equal-heights\" data-pages=\"31\" data-grid-col-space=\"0.0\" style=\"margin: -0px -0px 0;min-height:500px;\"><article id=\"blog-1-post-20029\" class=\"fusion-post-grid post-20029 post type-post status-publish format-standard hentry category-punkty-poi-zwettl\">\n<div class=\"fusion-post-wrapper\" style=\"background-color:var(--awb-color7);border:none;\">\n\n<div class=\"fusion-post-content-wrapper\" style=\"padding:30px 25px 20px 25px;\"><div class=\"fusion-post-content post-content\"><h2 class=\"blog-shortcode-post-title entry-title\">Program na 26 czerwca 2026 r.<\/h2><\/div><\/div><div class=\"fusion-clearfix\"><\/div><\/div>\n<\/article>\n<article id=\"blog-1-post-20000\" class=\"fusion-post-grid post-20000 post type-post status-publish format-standard hentry category-punkty-poi-zwettl\">\n<div class=\"fusion-post-wrapper\" style=\"background-color:var(--awb-color7);border:none;\">\n\n<div class=\"fusion-post-content-wrapper\" style=\"padding:30px 25px 20px 25px;\"><div class=\"fusion-post-content post-content\"><h2 class=\"blog-shortcode-post-title entry-title\">Program 28 czerwca 2026 r.<\/h2><\/div><\/div><div class=\"fusion-clearfix\"><\/div><\/div>\n<\/article>\n<article id=\"blog-1-post-19988\" class=\"fusion-post-grid post-19988 post type-post status-publish format-standard hentry category-punkty-poi-zwettl\">\n<div class=\"fusion-post-wrapper\" style=\"background-color:var(--awb-color7);border:none;\">\n\n<div class=\"fusion-post-content-wrapper\" style=\"padding:30px 25px 20px 25px;\"><div class=\"fusion-post-content post-content\"><h2 class=\"blog-shortcode-post-title entry-title\">Program 27_06_2026<\/h2><\/div><\/div><div class=\"fusion-clearfix\"><\/div><\/div>\n<\/article>\n<div class=\"fusion-clearfix\"><\/div><\/div><\/div><div class=\"fusion-separator fusion-full-width-sep\" style=\"align-self: center;margin-left: auto;margin-right: auto;margin-top:30px;margin-bottom:30px;width:100%;\"><\/div><div style=\"text-align:center;\"><a class=\"fusion-button button-flat button-xlarge button-custom fusion-button-default button-1 fusion-button-default-span fusion-button-default-type\" style=\"--button_accent_color:var(--awb-color8);--button_accent_hover_color:var(--awb-color1);--button_border_hover_color:var(--awb-color1);--button_gradient_top_color:var(--awb-color1);--button_gradient_bottom_color:var(--awb-color1);--button_gradient_top_color_hover:var(--awb-color4);--button_gradient_bottom_color_hover:var(--awb-color4);--button_margin-right:10px;\" target=\"_self\" href=\"https:\/\/cisterscapes.eu\/pl\/?page_id=6947\"><span class=\"fusion-button-text awb-button__text awb-button__text--default\">WI\u0118CEJ WK\u0141AD\u00d3W&#8230;<\/span><\/a><\/div><div class=\"fusion-separator fusion-full-width-sep\" style=\"align-self: center;margin-left: auto;margin-right: auto;margin-top:30px;margin-bottom:30px;width:100%;\"><\/div><\/div><\/div><\/div><\/div><div class=\"fusion-fullwidth fullwidth-box fusion-builder-row-5 fusion-flex-container has-pattern-background has-mask-background nonhundred-percent-fullwidth non-hundred-percent-height-scrolling\" style=\"--awb-border-radius-top-left:0px;--awb-border-radius-top-right:0px;--awb-border-radius-bottom-right:0px;--awb-border-radius-bottom-left:0px;--awb-margin-top:50px;--awb-flex-wrap:wrap;\" ><div class=\"fusion-builder-row fusion-row fusion-flex-align-items-flex-start fusion-flex-content-wrap\" style=\"max-width:1216.8px;margin-left: calc(-4% \/ 2 );margin-right: calc(-4% \/ 2 );\"><div class=\"fusion-layout-column fusion_builder_column fusion-builder-column-5 fusion_builder_column_1_1 1_1 fusion-flex-column\" style=\"--awb-bg-size:cover;--awb-width-large:100%;--awb-margin-top-large:0px;--awb-spacing-right-large:1.92%;--awb-margin-bottom-large:0px;--awb-spacing-left-large:1.92%;--awb-width-medium:100%;--awb-order-medium:0;--awb-spacing-right-medium:1.92%;--awb-spacing-left-medium:1.92%;--awb-width-small:100%;--awb-order-small:0;--awb-spacing-right-small:1.92%;--awb-spacing-left-small:1.92%;\"><div class=\"fusion-column-wrapper fusion-column-has-shadow fusion-flex-justify-content-flex-start fusion-content-layout-column\"><\/div><\/div><\/div><\/div><\/p>\n","protected":false},"excerpt":{"rendered":"","protected":false},"author":1,"featured_media":0,"parent":0,"menu_order":0,"comment_status":"closed","ping_status":"closed","template":"100-width.php","meta":{"footnotes":""},"class_list":["post-6954","page","type-page","status-publish","hentry"],"_links":{"self":[{"href":"https:\/\/cisterscapes.eu\/pl\/wp-json\/wp\/v2\/pages\/6954","targetHints":{"allow":["GET"]}}],"collection":[{"href":"https:\/\/cisterscapes.eu\/pl\/wp-json\/wp\/v2\/pages"}],"about":[{"href":"https:\/\/cisterscapes.eu\/pl\/wp-json\/wp\/v2\/types\/page"}],"author":[{"embeddable":true,"href":"https:\/\/cisterscapes.eu\/pl\/wp-json\/wp\/v2\/users\/1"}],"replies":[{"embeddable":true,"href":"https:\/\/cisterscapes.eu\/pl\/wp-json\/wp\/v2\/comments?post=6954"}],"version-history":[{"count":0,"href":"https:\/\/cisterscapes.eu\/pl\/wp-json\/wp\/v2\/pages\/6954\/revisions"}],"wp:attachment":[{"href":"https:\/\/cisterscapes.eu\/pl\/wp-json\/wp\/v2\/media?parent=6954"}],"curies":[{"name":"wp","href":"https:\/\/api.w.org\/{rel}","templated":true}]}}