{"id":6946,"date":"2023-07-25T12:19:52","date_gmt":"2023-07-25T10:19:52","guid":{"rendered":"https:\/\/cisterscapes.eu\/izjava-o-omejitvi-odgovornosti\/"},"modified":"2025-03-23T10:39:55","modified_gmt":"2025-03-23T09:39:55","slug":"izjava-o-omejitvi-odgovornosti","status":"publish","type":"page","link":"https:\/\/cisterscapes.eu\/sl\/izjava-o-omejitvi-odgovornosti\/","title":{"rendered":"Izjava o omejitvi odgovornosti"},"content":{"rendered":"<p><div class=\"fusion-fullwidth fullwidth-box fusion-builder-row-1 fusion-flex-container has-pattern-background has-mask-background nonhundred-percent-fullwidth non-hundred-percent-height-scrolling\" style=\"--awb-border-radius-top-left:0px;--awb-border-radius-top-right:0px;--awb-border-radius-bottom-right:0px;--awb-border-radius-bottom-left:0px;--awb-padding-top:120px;--awb-padding-bottom:120px;--awb-background-color:var(--awb-color2);--awb-flex-wrap:wrap;\" ><div class=\"fusion-builder-row fusion-row fusion-flex-align-items-flex-start fusion-flex-content-wrap\" style=\"max-width:1216.8px;margin-left: calc(-4% \/ 2 );margin-right: calc(-4% \/ 2 );\"><div class=\"fusion-layout-column fusion_builder_column fusion-builder-column-0 fusion_builder_column_1_4 1_4 fusion-flex-column fusion-flex-align-self-flex-start fusion-no-small-visibility\" style=\"--awb-padding-left:8%;--awb-bg-blend:overlay;--awb-bg-size:cover;--awb-width-large:25%;--awb-margin-top-large:0px;--awb-spacing-right-large:7.68%;--awb-margin-bottom-large:0px;--awb-spacing-left-large:7.68%;--awb-width-medium:100%;--awb-order-medium:0;--awb-spacing-right-medium:2.88%;--awb-spacing-left-medium:2.88%;--awb-width-small:100%;--awb-order-small:0;--awb-spacing-right-small:1.92%;--awb-spacing-left-small:1.92%;\" data-scroll-devices=\"small-visibility,medium-visibility,large-visibility\"><div class=\"fusion-column-wrapper fusion-column-has-shadow fusion-flex-justify-content-flex-start fusion-content-layout-column\"><div class=\"fusion-image-element \" style=\"text-align:left;--awb-caption-title-font-family:var(--h2_typography-font-family);--awb-caption-title-font-weight:var(--h2_typography-font-weight);--awb-caption-title-font-style:var(--h2_typography-font-style);--awb-caption-title-size:var(--h2_typography-font-size);--awb-caption-title-transform:var(--h2_typography-text-transform);--awb-caption-title-line-height:var(--h2_typography-line-height);--awb-caption-title-letter-spacing:var(--h2_typography-letter-spacing);\"><span class=\" fusion-imageframe imageframe-none imageframe-1 hover-type-none fusion-animated\" data-animationType=\"fadeIn\" data-animationDuration=\"1.4\" data-animationOffset=\"top-into-view\"><img decoding=\"async\" width=\"1200\" height=\"1200\" src=\"https:\/\/cisterscapes.eu\/wp-content\/uploads\/2023\/07\/Cisterscapes_Signet_orange.png\" data-orig-src=\"https:\/\/cisterscapes.eu\/wp-content\/uploads\/2023\/07\/Cisterscapes_Signet_orange.png\" alt class=\"lazyload img-responsive wp-image-7016\" srcset=\"data:image\/svg+xml,%3Csvg%20xmlns%3D%27http%3A%2F%2Fwww.w3.org%2F2000%2Fsvg%27%20width%3D%271200%27%20height%3D%271200%27%20viewBox%3D%270%200%201200%201200%27%3E%3Crect%20width%3D%271200%27%20height%3D%271200%27%20fill-opacity%3D%220%22%2F%3E%3C%2Fsvg%3E\" data-srcset=\"https:\/\/cisterscapes.eu\/wp-content\/uploads\/2023\/07\/Cisterscapes_Signet_orange-200x200.png 200w, https:\/\/cisterscapes.eu\/wp-content\/uploads\/2023\/07\/Cisterscapes_Signet_orange-400x400.png 400w, https:\/\/cisterscapes.eu\/wp-content\/uploads\/2023\/07\/Cisterscapes_Signet_orange-600x600.png 600w, https:\/\/cisterscapes.eu\/wp-content\/uploads\/2023\/07\/Cisterscapes_Signet_orange-800x800.png 800w, https:\/\/cisterscapes.eu\/wp-content\/uploads\/2023\/07\/Cisterscapes_Signet_orange.png 1200w\" data-sizes=\"auto\" data-orig-sizes=\"(max-width: 1024px) 100vw, (max-width: 640px) 100vw, 400px\" \/><\/span><\/div><\/div><\/div><div class=\"fusion-layout-column fusion_builder_column fusion-builder-column-1 fusion_builder_column_3_4 3_4 fusion-flex-column fusion-flex-align-self-flex-start\" style=\"--awb-bg-blend:overlay;--awb-bg-size:cover;--awb-width-large:75%;--awb-margin-top-large:0px;--awb-spacing-right-large:2.56%;--awb-margin-bottom-large:0px;--awb-spacing-left-large:2.56%;--awb-width-medium:100%;--awb-order-medium:1;--awb-spacing-right-medium:2.88%;--awb-spacing-left-medium:2.88%;--awb-width-small:100%;--awb-order-small:0;--awb-spacing-right-small:1.92%;--awb-margin-bottom-small:6%;--awb-spacing-left-small:1.92%;\" data-scroll-devices=\"small-visibility,medium-visibility,large-visibility\"><div class=\"fusion-column-wrapper fusion-column-has-shadow fusion-flex-justify-content-flex-start fusion-content-layout-column\"><div class=\"fusion-title title fusion-title-1 fusion-sep-none fusion-title-text fusion-title-size-two fusion-animated\" data-animationType=\"fadeIn\" data-animationDuration=\"1.0\" data-animationOffset=\"top-into-view\"><h2 class=\"fusion-title-heading title-heading-left fusion-responsive-typography-calculated\" style=\"margin:0;--fontSize:40;line-height:1.3;\">Izjava o omejitvi odgovornosti<\/h2><\/div><div class=\"fusion-separator\" style=\"align-self: flex-start;margin-right:auto;margin-bottom:30px;width:100%;max-width:100px;\"><div class=\"fusion-separator-border sep-single sep-solid\" style=\"--awb-height:20px;--awb-amount:20px;--awb-sep-color:var(--awb-color8);border-color:var(--awb-color8);border-top-width:2px;\"><\/div><\/div><div class=\"fusion-text fusion-text-1 fusion-animated\" data-animationType=\"fadeIn\" data-animationDuration=\"1.6\" data-animationOffset=\"top-into-view\"><p><strong>1. vsebina spletne ponudbe<\/strong><\/p>\n<p>Okro\u017eje Bamberg \/ Znak evropske dedi\u0161\u010dine\/Cisterscapes ne prevzema nobene odgovornosti za aktualnost, pravilnost, popolnost ali kakovost posredovanih informacij. Zahtevki iz naslova odgovornosti do avtorja v zvezi z materialno ali nematerialno \u0161kodo, nastalo zaradi uporabe ali neuporabe posredovanih informacij ali zaradi uporabe nepravilnih ali nepopolnih informacij, so v osnovi izklju\u010deni, razen \u010de obstajajo dokazi o nameri ali hudi malomarnosti okro\u017eja Bamberg \/ European Heritage Label\/Cisterscapes. Vse ponudbe se lahko spremenijo in niso zavezujo\u010de. Okro\u017eje Bamberg \/ Europ\u00e4isches Kulturerbe-Siegel\/Cisterscapes si izrecno pridr\u017euje pravico, da brez predhodnega obvestila spremeni, dopolni ali izbri\u0161e dele strani ali celotno ponudbo ali da za\u010dasno ali trajno preneha z objavo.   <\/p>\n<p><strong>2. reference in povezave<\/strong><\/p>\n<p>Kljub skrbnemu nadzoru vsebine Der Landkreis Bamberg \/ Europ\u00e4isches Kulturerbe-Siegel\/Cisterscapes ne prevzema odgovornosti za vsebino zunanjih povezav. Za vsebino povezanih strani so odgovorni izklju\u010dno njihovi upravljavci.<br \/>\nV primeru neposrednega ali posrednega sklicevanja na zunanja spletna mesta (&#8220;povezave&#8221;), ki so zunaj podro\u010dja odgovornosti okro\u017eja Bamberg \/ Znak evropske dedi\u0161\u010dine \/ Cisterscapes, bi obveznost odgovornosti nastopila le v primeru, da je okro\u017eje Bamberg \/ Znak evropske dedi\u0161\u010dine \/ Cisterscapes seznanjeno z vsebino in bi bilo tehni\u010dno mogo\u010de in razumno, da bi v primeru nezakonite vsebine prepre\u010dilo uporabo. Okro\u017eje Bamberg \/ European Heritage Label \/ Cisterscapes zato izrecno izjavlja, da na povezanih straneh v \u010dasu ustvarjanja povezav ni bilo nezakonite vsebine.Okro\u017eje Bamberg \/ Znak evropske dedi\u0161\u010dine\/Cisterscapes nima nikakr\u0161nega vpliva na sedanjo in prihodnjo obliko in vsebino povezanih strani. Zato se izrecno distancira od vseh vsebin vseh povezanih strani, ki so bile spremenjene po ustvarjanju povezave. Ta izjava velja za vse povezave in sklice, ki so postavljene na avtorjevi lastni spletni strani, kot tudi za zapise tretjih oseb v knjigah gostov, razpravnih forumih in po\u0161tnih seznamih, ki jih je vzpostavil avtor. Odgovornost za nezakonito, nepravilno ali nepopolno vsebino in zlasti za \u0161kodo, ki je posledica uporabe ali neuporabe tak\u0161nih informacij, nosi izklju\u010dno ponudnik strani, na katero se sklicuje, in ne oseba, ki se prek povezav zgolj sklicuje na zadevno objavo.<\/p>\n<p><strong>3. zakonodaja o avtorskih pravicah in ozna\u010devanju<\/strong><\/p>\n<p>Okro\u017eje Bamberg \/ Znak evropske dedi\u0161\u010dine\/Cisterscapes si prizadeva spo\u0161tovati avtorske pravice za grafike, zvo\u010dne dokumente, video sekvence in besedila, ki se uporabljajo v vseh publikacijah, uporabljati grafike, zvo\u010dne dokumente, video sekvence in besedila, ki jih je ustvarilo samo, ali uporabljati grafike, zvo\u010dne dokumente, video sekvence in besedila brez licence. Za vse znamke in blagovne znamke, ki so omenjene na spletnem mestu in jih morda \u0161\u010ditijo tretje osebe, brez omejitev veljajo dolo\u010dbe veljavnega zakona o blagovnih znamkah in lastninske pravice zadevnih registriranih lastnikov. Zgolj omemba blagovne znamke ne pomeni, da ni za\u0161\u010ditena s pravicami tretjih oseb! Avtorske pravice za objavljene predmete, ki jih je ustvarilo samo okro\u017eje Bamberg \/ znak evropske dedi\u0161\u010dine\/Cisterscapes, ostajajo izklju\u010dno pri avtorju strani. Vsako razmno\u017eevanje ali uporaba objektov, kot so diagrami, zvoki ali besedila, v drugih elektronskih ali tiskanih publikacijah brez soglasja avtorja ni dovoljena.    <\/p>\n<p><strong>4. varstvo podatkov<\/strong><\/p>\n<p>\u010ce je dana mo\u017enost vnosa osebnih ali poslovnih podatkov (e-po\u0161tni naslovi, imena, naslovi), se ti podatki vnesejo prostovoljno. Uporaba in pla\u010dilo vseh ponujenih storitev sta - kolikor je to tehni\u010dno mogo\u010de in razumno - dovoljena tudi brez vnosa teh podatkov ali z vnosom anonimiziranih podatkov ali psevdonima. <\/p>\n<p><strong>5 Pravna veljavnost te izjave o omejitvi odgovornosti<\/strong><\/p>\n<p>To izjavo o omejitvi odgovornosti je treba obravnavati kot del spletne publikacije Landkreis Bamberg \/ European Heritage Label\/Cisterscapes, s katere ste bili napoteni na to stran. \u010ce deli ali posamezni izrazi te izjave niso zakoniti ali pravilni, to dejstvo ne vpliva na vsebino ali veljavnost drugih delov. <\/p>\n<p><strong>Avtorske <\/strong>pravice: \u010ce ni druga\u010de navedeno, so avtorske pravice za vse slike v lasti okro\u017eja Bamberg \/ European Heritage Label\/Cisterscapes, ki je zagotovilo slike, in se lahko uporabljajo le z njihovim soglasjem.<\/p>\n<\/div><\/div><\/div><\/div><\/div><div class=\"fusion-fullwidth fullwidth-box fusion-builder-row-2 fusion-flex-container nonhundred-percent-fullwidth non-hundred-percent-height-scrolling\" style=\"--awb-border-radius-top-left:0px;--awb-border-radius-top-right:0px;--awb-border-radius-bottom-right:0px;--awb-border-radius-bottom-left:0px;--awb-padding-top:0px;--awb-padding-bottom:0px;--awb-flex-wrap:wrap;\" ><div class=\"fusion-builder-row fusion-row fusion-flex-align-items-flex-start fusion-flex-content-wrap\" style=\"max-width:1216.8px;margin-left: calc(-4% \/ 2 );margin-right: calc(-4% \/ 2 );\"><div class=\"fusion-layout-column fusion_builder_column fusion-builder-column-2 fusion_builder_column_1_1 1_1 fusion-flex-column\" style=\"--awb-bg-blend:overlay;--awb-bg-size:cover;--awb-width-large:100%;--awb-margin-top-large:0px;--awb-spacing-right-large:1.92%;--awb-margin-bottom-large:0px;--awb-spacing-left-large:1.92%;--awb-width-medium:100%;--awb-spacing-right-medium:1.92%;--awb-spacing-left-medium:1.92%;--awb-width-small:100%;--awb-spacing-right-small:1.92%;--awb-spacing-left-small:1.92%;\"><div class=\"fusion-column-wrapper fusion-flex-justify-content-flex-start fusion-content-layout-column\"><div class=\"fusion-section-separator section-separator triangle fusion-section-separator-1\" style=\"--awb-border-bottom:1px solid var(--awb-color2);--awb-spacer-height:1px;--awb-svg-margin-left:1.92%;--awb-svg-margin-right:1.92%;--awb-svg-margin-left-medium:1.92%;--awb-svg-margin-right-medium:1.92%;--awb-svg-margin-left-small:1.92%;--awb-svg-margin-right-small:1.92%;--awb-icon-color:var(--awb-color1);\"><div class=\"fusion-section-separator-svg\"><div class=\"divider-candy-arrow bottom\" style=\"top:0px;border-top-color: var(--awb-color2);\"><\/div><div class=\"divider-candy bottom\" style=\"bottom:-21px;border-bottom:1px solid var(--awb-color2);border-left:1px solid var(--awb-color2);\"><\/div><\/div><div class=\"fusion-section-separator-spacer\"><div class=\"fusion-section-separator-spacer-height\"><\/div><\/div><\/div><\/div><\/div><\/div><\/div><div class=\"fusion-fullwidth fullwidth-box fusion-builder-row-3 fusion-flex-container has-pattern-background has-mask-background nonhundred-percent-fullwidth non-hundred-percent-height-scrolling\" style=\"--awb-border-radius-top-left:0px;--awb-border-radius-top-right:0px;--awb-border-radius-bottom-right:0px;--awb-border-radius-bottom-left:0px;--awb-padding-top:100px;--awb-padding-bottom:0px;--awb-background-color:var(--awb-color1);--awb-flex-wrap:wrap;\" ><div class=\"fusion-builder-row fusion-row fusion-flex-align-items-flex-start fusion-flex-justify-content-center fusion-flex-content-wrap\" style=\"max-width:1216.8px;margin-left: calc(-4% \/ 2 );margin-right: calc(-4% \/ 2 );\"><div class=\"fusion-layout-column fusion_builder_column fusion-builder-column-3 fusion_builder_column_2_3 2_3 fusion-flex-column\" style=\"--awb-bg-blend:overlay;--awb-bg-size:cover;--awb-width-large:66.666666666667%;--awb-margin-top-large:0px;--awb-spacing-right-large:2.88%;--awb-margin-bottom-large:0px;--awb-spacing-left-large:2.88%;--awb-width-medium:100%;--awb-spacing-right-medium:1.92%;--awb-spacing-left-medium:1.92%;--awb-width-small:100%;--awb-spacing-right-small:1.92%;--awb-spacing-left-small:1.92%;\"><div class=\"fusion-column-wrapper fusion-flex-justify-content-flex-start fusion-content-layout-column\"><div class=\"fusion-title title fusion-title-2 fusion-sep-none fusion-title-center fusion-title-text fusion-title-size-two\"><h2 class=\"fusion-title-heading title-heading-center fusion-responsive-typography-calculated\" style=\"margin:0;--fontSize:40;line-height:1.3;\">Zadnje objave<\/h2><\/div><div class=\"fusion-separator\" style=\"align-self: center;margin-left: auto;margin-right: auto;margin-bottom:30px;width:100%;max-width:100px;\"><div class=\"fusion-separator-border sep-single sep-solid\" style=\"--awb-height:20px;--awb-amount:20px;--awb-sep-color:var(--awb-color8);border-color:var(--awb-color8);border-top-width:2px;\"><\/div><\/div><div class=\"fusion-separator fusion-full-width-sep\" style=\"align-self: center;margin-left: auto;margin-right: auto;margin-top:60px;width:100%;\"><\/div><\/div><\/div><\/div><\/div><div class=\"fusion-fullwidth fullwidth-box fusion-builder-row-4 fusion-flex-container has-pattern-background has-mask-background hundred-percent-fullwidth non-hundred-percent-height-scrolling\" style=\"--awb-border-radius-top-left:0px;--awb-border-radius-top-right:0px;--awb-border-radius-bottom-right:0px;--awb-border-radius-bottom-left:0px;--awb-padding-right:0px;--awb-padding-left:0px;--awb-background-color:var(--awb-color7);--awb-flex-wrap:wrap;\" ><div class=\"fusion-builder-row fusion-row fusion-flex-align-items-flex-start fusion-flex-content-wrap\" style=\"width:calc( 100% + 0px ) !important;max-width:calc( 100% + 0px ) !important;margin-left: calc(-0px \/ 2 );margin-right: calc(-0px \/ 2 );\"><div class=\"fusion-layout-column fusion_builder_column fusion-builder-column-4 fusion_builder_column_1_1 1_1 fusion-flex-column\" style=\"--awb-bg-blend:overlay;--awb-bg-size:cover;--awb-width-large:100%;--awb-margin-top-large:0px;--awb-spacing-right-large:0px;--awb-margin-bottom-large:0px;--awb-spacing-left-large:0px;--awb-width-medium:100%;--awb-spacing-right-medium:0px;--awb-spacing-left-medium:0px;--awb-width-small:100%;--awb-spacing-right-small:0px;--awb-spacing-left-small:0px;\"><div class=\"fusion-column-wrapper fusion-flex-justify-content-flex-start fusion-content-layout-column\"><div class=\"fusion-blog-shortcode fusion-blog-shortcode-1 fusion-blog-archive fusion-blog-layout-grid-wrapper fusion-blog-no\"><style type=\"text\/css\">.fusion-blog-shortcode-1 .fusion-blog-layout-grid .fusion-post-grid{padding:0px;}.fusion-blog-shortcode-1 .fusion-posts-container{margin-left: -0px !important; margin-right:-0px !important;}<\/style><div class=\"fusion-posts-container fusion-posts-container-no fusion-no-meta-info fusion-blog-rollover fusion-blog-layout-grid fusion-blog-layout-grid-3 isotope fusion-blog-equal-heights\" data-pages=\"29\" data-grid-col-space=\"0.0\" style=\"margin: -0px -0px 0;min-height:500px;\"><article id=\"blog-1-post-19808\" class=\"fusion-post-grid post-19808 post type-post status-publish format-standard hentry category-wagrowiec-lekno-sl tag-lekno-wagrowiec tag-poljska\">\n<div class=\"fusion-post-wrapper\" style=\"background-color:var(--awb-color7);border:none;\">\n\n<div class=\"fusion-post-content-wrapper\" style=\"padding:30px 25px 20px 25px;\"><div class=\"fusion-post-content post-content\"><h2 class=\"blog-shortcode-post-title entry-title\">Arheolo\u0161ka najdba med \u0161iritvijo muzeja<\/h2><\/div><\/div><div class=\"fusion-clearfix\"><\/div><\/div>\n<\/article>\n<article id=\"blog-1-post-17498\" class=\"fusion-post-grid post-17498 post type-post status-publish format-standard hentry category-poi-v-mestu-zwettl\">\n<div class=\"fusion-post-wrapper\" style=\"background-color:var(--awb-color7);border:none;\">\n\n<div class=\"fusion-post-content-wrapper\" style=\"padding:30px 25px 20px 25px;\"><div class=\"fusion-post-content post-content\"><h2 class=\"blog-shortcode-post-title entry-title\">POI Grajska vinska klet Gobelsburg<\/h2><\/div><\/div><div class=\"fusion-clearfix\"><\/div><\/div>\n<\/article>\n<article id=\"blog-1-post-17481\" class=\"fusion-post-grid post-17481 post type-post status-publish format-standard hentry category-poi-v-mestu-zwettl\">\n<div class=\"fusion-post-wrapper\" style=\"background-color:var(--awb-color7);border:none;\">\n\n<div class=\"fusion-post-content-wrapper\" style=\"padding:30px 25px 20px 25px;\"><div class=\"fusion-post-content post-content\"><h2 class=\"blog-shortcode-post-title entry-title\">POI Mill Chambers<\/h2><\/div><\/div><div class=\"fusion-clearfix\"><\/div><\/div>\n<\/article>\n<div class=\"fusion-clearfix\"><\/div><\/div><\/div><div class=\"fusion-separator fusion-full-width-sep\" style=\"align-self: center;margin-left: auto;margin-right: auto;margin-top:30px;margin-bottom:30px;width:100%;\"><\/div><div style=\"text-align:center;\"><a class=\"fusion-button button-flat button-xlarge button-custom fusion-button-default button-1 fusion-button-default-span fusion-button-default-type\" style=\"--button_accent_color:var(--awb-color8);--button_accent_hover_color:var(--awb-color1);--button_border_hover_color:var(--awb-color1);--button_gradient_top_color:var(--awb-color1);--button_gradient_bottom_color:var(--awb-color1);--button_gradient_top_color_hover:var(--awb-color4);--button_gradient_bottom_color_hover:var(--awb-color4);--button_margin-right:10px;\" target=\"_self\" href=\"https:\/\/cisterscapes.eu\/sl\/?page_id=6935\"><span class=\"fusion-button-text awb-button__text awb-button__text--default\">VE\u010c PRISPEVKOV&#8230;<\/span><\/a><\/div><div class=\"fusion-separator fusion-full-width-sep\" style=\"align-self: center;margin-left: auto;margin-right: auto;margin-top:30px;margin-bottom:30px;width:100%;\"><\/div><\/div><\/div><\/div><\/div><div class=\"fusion-fullwidth fullwidth-box fusion-builder-row-5 fusion-flex-container has-pattern-background has-mask-background nonhundred-percent-fullwidth non-hundred-percent-height-scrolling\" style=\"--awb-border-radius-top-left:0px;--awb-border-radius-top-right:0px;--awb-border-radius-bottom-right:0px;--awb-border-radius-bottom-left:0px;--awb-margin-top:50px;--awb-flex-wrap:wrap;\" ><div class=\"fusion-builder-row fusion-row fusion-flex-align-items-flex-start fusion-flex-content-wrap\" style=\"max-width:1216.8px;margin-left: calc(-4% \/ 2 );margin-right: calc(-4% \/ 2 );\"><div class=\"fusion-layout-column fusion_builder_column fusion-builder-column-5 fusion_builder_column_1_1 1_1 fusion-flex-column\" style=\"--awb-bg-size:cover;--awb-width-large:100%;--awb-margin-top-large:0px;--awb-spacing-right-large:1.92%;--awb-margin-bottom-large:0px;--awb-spacing-left-large:1.92%;--awb-width-medium:100%;--awb-order-medium:0;--awb-spacing-right-medium:1.92%;--awb-spacing-left-medium:1.92%;--awb-width-small:100%;--awb-order-small:0;--awb-spacing-right-small:1.92%;--awb-spacing-left-small:1.92%;\"><div class=\"fusion-column-wrapper fusion-column-has-shadow fusion-flex-justify-content-flex-start fusion-content-layout-column\"><\/div><\/div><\/div><\/div><\/p>\n","protected":false},"excerpt":{"rendered":"","protected":false},"author":1,"featured_media":0,"parent":0,"menu_order":0,"comment_status":"closed","ping_status":"closed","template":"100-width.php","meta":{"footnotes":""},"class_list":["post-6946","page","type-page","status-publish","hentry"],"_links":{"self":[{"href":"https:\/\/cisterscapes.eu\/sl\/wp-json\/wp\/v2\/pages\/6946","targetHints":{"allow":["GET"]}}],"collection":[{"href":"https:\/\/cisterscapes.eu\/sl\/wp-json\/wp\/v2\/pages"}],"about":[{"href":"https:\/\/cisterscapes.eu\/sl\/wp-json\/wp\/v2\/types\/page"}],"author":[{"embeddable":true,"href":"https:\/\/cisterscapes.eu\/sl\/wp-json\/wp\/v2\/users\/1"}],"replies":[{"embeddable":true,"href":"https:\/\/cisterscapes.eu\/sl\/wp-json\/wp\/v2\/comments?post=6946"}],"version-history":[{"count":0,"href":"https:\/\/cisterscapes.eu\/sl\/wp-json\/wp\/v2\/pages\/6946\/revisions"}],"wp:attachment":[{"href":"https:\/\/cisterscapes.eu\/sl\/wp-json\/wp\/v2\/media?parent=6946"}],"curies":[{"name":"wp","href":"https:\/\/api.w.org\/{rel}","templated":true}]}}